{"id":162,"date":"2022-03-19T17:37:16","date_gmt":"2022-03-19T17:37:16","guid":{"rendered":"https:\/\/www.pavloviclegal.com\/?page_id=162"},"modified":"2025-03-11T03:50:28","modified_gmt":"2025-03-11T03:50:28","slug":"pocetna","status":"publish","type":"page","link":"https:\/\/www.pavloviclegal.com\/en\/","title":{"rendered":"Home"},"content":{"rendered":"<div data-elementor-type=\"wp-page\" data-elementor-id=\"162\" class=\"elementor elementor-162\">\n\t\t\t\t\t\t<section class=\"elementor-section elementor-top-section elementor-element elementor-element-62def2c elementor-section-boxed elementor-section-height-default elementor-section-height-default\" data-id=\"62def2c\" data-element_type=\"section\">\n\t\t\t\t\t\t<div class=\"elementor-container elementor-column-gap-default\">\n\t\t\t\t\t<div class=\"elementor-column elementor-col-50 elementor-top-column elementor-element elementor-element-39dda3a\" data-id=\"39dda3a\" data-element_type=\"column\">\n\t\t\t<div class=\"elementor-widget-wrap elementor-element-populated\">\n\t\t\t\t\t\t<div class=\"elementor-element elementor-element-c9e6ffc elementor-invisible elementor-widget elementor-widget-imagestyle1\" data-id=\"c9e6ffc\" data-element_type=\"widget\" data-settings=\"{&quot;_animation&quot;:&quot;zoomIn&quot;}\" data-widget_type=\"imagestyle1.default\">\n\t\t\t\t<div class=\"elementor-widget-container\">\n\t\t\t\t\t    <div class=\"col pr-5\">\r\n        <div class=\"rare-box\"><\/div>\r\n        <img decoding=\"async\" src=\"https:\/\/www.pavloviclegal.com\/wp-content\/uploads\/2022\/03\/pexels-pavel-danilyuk-8112168-768x513.jpg\" class=\"image-about position-relative w-100\" alt=\"\">\r\n    <\/div>\r\n    \t\t\t\t<\/div>\n\t\t\t\t<\/div>\n\t\t\t\t\t<\/div>\n\t\t<\/div>\n\t\t\t\t<div class=\"elementor-column elementor-col-50 elementor-top-column elementor-element elementor-element-e783184\" data-id=\"e783184\" data-element_type=\"column\">\n\t\t\t<div class=\"elementor-widget-wrap elementor-element-populated\">\n\t\t\t\t\t\t<div class=\"elementor-element elementor-element-d06496a elementor-widget elementor-widget-txtbox1\" data-id=\"d06496a\" data-element_type=\"widget\" data-widget_type=\"txtbox1.default\">\n\t\t\t\t<div class=\"elementor-widget-container\">\n\t\t\t\t\t    <div class=\"col pl-6 about center-about\">\r\n                <h5 class=\"pb-3 sm-pt-3 wow fadeInUp text-capitalize\" data-wow-delay=\"300ms\">Pavlovic Legal<\/h5>\r\n                        <h2 class=\"wow fadeInUp text-capitalize font-42\" data-wow-delay=\"400ms\">About Us<\/h2>\r\n                        <div class=\"pt-3 wow fadeInUp about-p\" data-wow-delay=\"500ms\"><p>Law Office Pavlovi\u0107 Vuji\u0107 provides legal assistance to legal entities in the fields of commercial (corporate) law, debt collection, as well as other legal matters.<\/p><p>Law Office Pavlovi\u0107 Vuji\u0107 offers services to individuals in employment disputes, real estate transactions and registration, as well as other disputes.<\/p><p>From the very beginning of our practice, our firm\u2019s priority has been an individualized approach to each client and complete professional dedication to every case.<\/p><p>Lawyers from our law office have an electronic certificates (signatures) required for electronic representation of clients before the competent authorities, such as the Republic Geodetic Authority \u2013 the competent real estate cadaster service, the Business Registers Agency (\"APR\"), and the before courts.<\/p><\/div>\r\n                            <\/div>\r\n    \t\t\t\t<\/div>\n\t\t\t\t<\/div>\n\t\t\t\t\t<\/div>\n\t\t<\/div>\n\t\t\t\t\t<\/div>\n\t\t<\/section>\n\t\t\t\t<section class=\"elementor-section elementor-top-section elementor-element elementor-element-36734b3 elementor-section-boxed elementor-section-height-default elementor-section-height-default\" data-id=\"36734b3\" data-element_type=\"section\">\n\t\t\t\t\t\t<div class=\"elementor-container elementor-column-gap-default\">\n\t\t\t\t\t<div class=\"elementor-column elementor-col-100 elementor-top-column elementor-element elementor-element-99d6851\" data-id=\"99d6851\" data-element_type=\"column\">\n\t\t\t<div class=\"elementor-widget-wrap elementor-element-populated\">\n\t\t\t\t\t\t<div class=\"elementor-element elementor-element-d4702d0 elementor-widget elementor-widget-ituheading\" data-id=\"d4702d0\" data-element_type=\"widget\" data-widget_type=\"ituheading.default\">\n\t\t\t\t<div class=\"elementor-widget-container\">\n\t\t\t\t\t    <div class=\"pavlovic-heading heading-details text-center\">\r\n        <h2 class=\"heading\">\r\n            <span class=\"pre_heading lft\" style=\"background-color: ;\"><\/span>\r\n            <span class=\"heading_txt\">Team<\/span>\r\n            <span class=\"pre_heading rgt\" style=\"background-color: ;\"><\/span>\r\n        <\/h2>\r\n    <\/div>\r\n    \t\t\t\t<\/div>\n\t\t\t\t<\/div>\n\t\t\t\t\t<\/div>\n\t\t<\/div>\n\t\t\t\t\t<\/div>\n\t\t<\/section>\n\t\t\t\t<section class=\"elementor-section elementor-top-section elementor-element elementor-element-e39f6fa elementor-section-content-middle elementor-section-boxed elementor-section-height-default elementor-section-height-default\" data-id=\"e39f6fa\" data-element_type=\"section\">\n\t\t\t\t\t\t<div class=\"elementor-container elementor-column-gap-default\">\n\t\t\t\t\t<div class=\"elementor-column elementor-col-33 elementor-top-column elementor-element elementor-element-47f3a79\" data-id=\"47f3a79\" data-element_type=\"column\">\n\t\t\t<div class=\"elementor-widget-wrap elementor-element-populated\">\n\t\t\t\t\t\t<div class=\"elementor-element elementor-element-e68a2e4 elementor-invisible elementor-widget elementor-widget-itu_teambox\" data-id=\"e68a2e4\" data-element_type=\"widget\" data-settings=\"{&quot;_animation&quot;:&quot;fadeInUp&quot;}\" data-widget_type=\"itu_teambox.default\">\n\t\t\t\t<div class=\"elementor-widget-container\">\n\t\t\t\t\t    <!-- <div class=\"col pr-5\">\r\n        <div class=\"rare-box\"><\/div>\r\n        <img decoding=\"async\" src=\"https:\/\/www.pavloviclegal.com\/wp-content\/uploads\/2025\/03\/marko-pavlovic-359x359.jpg\" class=\"image-about position-relative w-100\" alt=\"\">\r\n    <\/div> -->\r\n\r\n    <div class=\"ui-block-14 team-sec team_pavlovic\">\r\n        <div class=\"team-box\">\r\n            <div class=\"image\">\r\n                <img decoding=\"async\" src=\"https:\/\/www.pavloviclegal.com\/wp-content\/uploads\/2025\/03\/marko-pavlovic-359x359.jpg\" alt=\"\">\r\n            <\/div>\r\n            <div class=\"team-content gradient_bg_default\">\r\n                                <h3 class=\"\">Marko Pavlovi\u0107<\/h3>\r\n                                                <p class=\"mb-3\">Attorney<\/p>\r\n                                \r\n                <div class=\"team_more_info\">\r\n                                    <a class=\"btn btn-rounded btn-large btn-green text-capitalize mt-20\" href=\"mailto:office@pavloviclegal.com\" >Contact<\/a>\r\n                                <\/div>\r\n                \r\n            <\/div>\r\n        <\/div>\r\n    <\/div>\r\n    \t\t\t\t<\/div>\n\t\t\t\t<\/div>\n\t\t\t\t\t<\/div>\n\t\t<\/div>\n\t\t\t\t<div class=\"elementor-column elementor-col-66 elementor-top-column elementor-element elementor-element-dd6f77b\" data-id=\"dd6f77b\" data-element_type=\"column\">\n\t\t\t<div class=\"elementor-widget-wrap elementor-element-populated\">\n\t\t\t\t\t\t<div class=\"elementor-element elementor-element-250a2b7 elementor-widget elementor-widget-txtbox1\" data-id=\"250a2b7\" data-element_type=\"widget\" data-widget_type=\"txtbox1.default\">\n\t\t\t\t<div class=\"elementor-widget-container\">\n\t\t\t\t\t    <div class=\"col pl-6 about center-about\">\r\n                        <h2 class=\"wow fadeInUp text-capitalize font-42\" data-wow-delay=\"400ms\">Marko Pavlovi\u0107<\/h2>\r\n                        <div class=\"pt-3 wow fadeInUp about-p\" data-wow-delay=\"500ms\"><p>Attorney Marko Pavlovi\u0107 graduated from the Faculty of Law, University of Belgrade.<\/p><p>Marko specializes in representing legal entities before the Business Registers Agency (company registration) and in further proceedings before state authorities and courts. He also provides debt collection services for legal entities, as well as legal assistance to individuals in employment disputes and real estate transactions (representation before cadaster).<\/p><p>Marko is a member of the Belgrade Bar Association and a board member of the Regulatory Institute for Renewable Energy and the Environment (RERI).<\/p><p>Marko is fluent in English.<\/p><\/div>\r\n                          <ul class=\"pl-0 pt-2 left-about wow fadeInUp bg-grey\" data-wow-delay=\"600ms\">\r\n                            <li>T: +381 64 48 19 119<\/li>\r\n                            <li>Practice areas: Commercial law, employment law, debt collection (enforcement proceedings).<\/li>\r\n                        <\/ul>\r\n                    <\/div>\r\n    \t\t\t\t<\/div>\n\t\t\t\t<\/div>\n\t\t\t\t\t<\/div>\n\t\t<\/div>\n\t\t\t\t\t<\/div>\n\t\t<\/section>\n\t\t\t\t<section class=\"elementor-section elementor-top-section elementor-element elementor-element-d8198bf elementor-section-content-middle elementor-section-boxed elementor-section-height-default elementor-section-height-default\" data-id=\"d8198bf\" data-element_type=\"section\">\n\t\t\t\t\t\t<div class=\"elementor-container elementor-column-gap-default\">\n\t\t\t\t\t<div class=\"elementor-column elementor-col-33 elementor-top-column elementor-element elementor-element-771443d\" data-id=\"771443d\" data-element_type=\"column\">\n\t\t\t<div class=\"elementor-widget-wrap elementor-element-populated\">\n\t\t\t\t\t\t<div class=\"elementor-element elementor-element-9f23d4a elementor-invisible elementor-widget elementor-widget-itu_teambox\" data-id=\"9f23d4a\" data-element_type=\"widget\" data-settings=\"{&quot;_animation&quot;:&quot;fadeInUp&quot;}\" data-widget_type=\"itu_teambox.default\">\n\t\t\t\t<div class=\"elementor-widget-container\">\n\t\t\t\t\t    <!-- <div class=\"col pr-5\">\r\n        <div class=\"rare-box\"><\/div>\r\n        <img decoding=\"async\" src=\"https:\/\/www.pavloviclegal.com\/wp-content\/uploads\/2025\/03\/ivana-vujic-pavlovic-359x359.jpg\" class=\"image-about position-relative w-100\" alt=\"\">\r\n    <\/div> -->\r\n\r\n    <div class=\"ui-block-14 team-sec team_pavlovic\">\r\n        <div class=\"team-box\">\r\n            <div class=\"image\">\r\n                <img decoding=\"async\" src=\"https:\/\/www.pavloviclegal.com\/wp-content\/uploads\/2025\/03\/ivana-vujic-pavlovic-359x359.jpg\" alt=\"\">\r\n            <\/div>\r\n            <div class=\"team-content gradient_bg_default\">\r\n                                <h3 class=\"\">Ivana Vuji\u0107 Pavlovi\u0107<\/h3>\r\n                                                <p class=\"mb-3\">Attorney<\/p>\r\n                                \r\n                <div class=\"team_more_info\">\r\n                                    <a class=\"btn btn-rounded btn-large btn-green text-capitalize mt-20\" href=\"mailto:office@pavloviclegal.com\" >Contact<\/a>\r\n                                <\/div>\r\n                \r\n            <\/div>\r\n        <\/div>\r\n    <\/div>\r\n    \t\t\t\t<\/div>\n\t\t\t\t<\/div>\n\t\t\t\t\t<\/div>\n\t\t<\/div>\n\t\t\t\t<div class=\"elementor-column elementor-col-66 elementor-top-column elementor-element elementor-element-35fdf58\" data-id=\"35fdf58\" data-element_type=\"column\">\n\t\t\t<div class=\"elementor-widget-wrap elementor-element-populated\">\n\t\t\t\t\t\t<div class=\"elementor-element elementor-element-efe07c9 elementor-widget elementor-widget-txtbox1\" data-id=\"efe07c9\" data-element_type=\"widget\" data-widget_type=\"txtbox1.default\">\n\t\t\t\t<div class=\"elementor-widget-container\">\n\t\t\t\t\t    <div class=\"col pl-6 about center-about\">\r\n                        <h2 class=\"wow fadeInUp text-capitalize font-42\" data-wow-delay=\"400ms\">Ivana Vuji\u0107 Pavlovi\u0107<\/h2>\r\n                        <div class=\"pt-3 wow fadeInUp about-p\" data-wow-delay=\"500ms\"><p>Attorney Ivana Vuji\u0107 Pavlovi\u0107 graduated from the Faculty of Law, University of Belgrade.<\/p><p>Ivana specializes in regulatory compliance and ensuring legal entities adhere to applicable regulations. Her expertise includes intellectual property law, labor law, and corporate law. She has significant experience in the field of consumer protection and providing legal advice to travel agencies and retail businesses in their everyday business challenges. She provides legal services in the field of real estate<\/p><p>Ivana's strategic, and analytical approach to her work ensures the successful resolution of complex legal issues and delivers effective legal support to clients across various industries<\/p><p>Ivana is a member of the Belgrade Bar Association<\/p><p>Ivana is fluent in English.<\/p><\/div>\r\n                          <ul class=\"pl-0 pt-2 left-about wow fadeInUp bg-grey\" data-wow-delay=\"600ms\">\r\n                            <li>T:  +381 64 24 22 486<\/li>\r\n                            <li>Areas of Practice: Compliance, Intellectual Property Law, Labor Law, Contracts, and Real Estate.  <\/li>\r\n                        <\/ul>\r\n                    <\/div>\r\n    \t\t\t\t<\/div>\n\t\t\t\t<\/div>\n\t\t\t\t\t<\/div>\n\t\t<\/div>\n\t\t\t\t\t<\/div>\n\t\t<\/section>\n\t\t\t\t<\/div>","protected":false},"excerpt":{"rendered":"<p>Pavlovic Legal O Nama Advokatska kancelarija Pavlovi\u0107 Vuji\u0107, pru\u017ea pravnu pomo\u0107 pravnim licima iz oblasti privrednog (korporativnog) prava, uskla\u0111enosti poslovanja, naplate potra\u017eivanja, kao i u pogledu drugih pravnih pitanja. Advokatska kancelarija Pavlovi\u0107 Vuji\u0107 pru\u017ea usluge fizi\u010dkim licima u vezi radnih sporova, u vezi kupoprodaje i uknji\u017ebe nekretnina, kao i u pogledu drugih sporova. Od samog [&hellip;]<\/p>","protected":false},"author":1,"featured_media":0,"parent":0,"menu_order":0,"comment_status":"closed","ping_status":"closed","template":"","meta":{"_acf_changed":false,"footnotes":""},"class_list":["post-162","page","type-page","status-publish","hentry"],"acf":[],"_links":{"self":[{"href":"https:\/\/www.pavloviclegal.com\/en\/wp-json\/wp\/v2\/pages\/162","targetHints":{"allow":["GET"]}}],"collection":[{"href":"https:\/\/www.pavloviclegal.com\/en\/wp-json\/wp\/v2\/pages"}],"about":[{"href":"https:\/\/www.pavloviclegal.com\/en\/wp-json\/wp\/v2\/types\/page"}],"author":[{"embeddable":true,"href":"https:\/\/www.pavloviclegal.com\/en\/wp-json\/wp\/v2\/users\/1"}],"replies":[{"embeddable":true,"href":"https:\/\/www.pavloviclegal.com\/en\/wp-json\/wp\/v2\/comments?post=162"}],"version-history":[{"count":76,"href":"https:\/\/www.pavloviclegal.com\/en\/wp-json\/wp\/v2\/pages\/162\/revisions"}],"predecessor-version":[{"id":523,"href":"https:\/\/www.pavloviclegal.com\/en\/wp-json\/wp\/v2\/pages\/162\/revisions\/523"}],"wp:attachment":[{"href":"https:\/\/www.pavloviclegal.com\/en\/wp-json\/wp\/v2\/media?parent=162"}],"curies":[{"name":"wp","href":"https:\/\/api.w.org\/{rel}","templated":true}]}}