{"id":198,"date":"2022-03-19T18:32:15","date_gmt":"2022-03-19T18:32:15","guid":{"rendered":"https:\/\/www.pavloviclegal.com\/?page_id=198"},"modified":"2025-03-07T12:07:13","modified_gmt":"2025-03-07T12:07:13","slug":"oblasti-rada","status":"publish","type":"page","link":"https:\/\/www.pavloviclegal.com\/en\/oblasti-rada\/","title":{"rendered":"Practice areas"},"content":{"rendered":"<div data-elementor-type=\"wp-page\" data-elementor-id=\"198\" class=\"elementor elementor-198\">\n\t\t\t\t\t\t<section class=\"elementor-section elementor-top-section elementor-element elementor-element-c9f598e elementor-section-boxed elementor-section-height-default elementor-section-height-default\" data-id=\"c9f598e\" data-element_type=\"section\">\n\t\t\t\t\t\t<div class=\"elementor-container elementor-column-gap-default\">\n\t\t\t\t\t<div class=\"elementor-column elementor-col-100 elementor-top-column elementor-element elementor-element-c608d31\" data-id=\"c608d31\" data-element_type=\"column\">\n\t\t\t<div class=\"elementor-widget-wrap elementor-element-populated\">\n\t\t\t\t<div class=\"elementor-element elementor-element-4ea927b services_box e-con-full e-flex e-con e-parent\" data-id=\"4ea927b\" data-element_type=\"container\">\n\t\t\t\t<div class=\"elementor-element elementor-element-742e8f3 elementor-position-left elementor-vertical-align-middle img-style-2 elementor-invisible elementor-widget elementor-widget-image-box\" data-id=\"742e8f3\" data-element_type=\"widget\" data-settings=\"{&quot;_animation&quot;:&quot;fadeInLeft&quot;}\" data-widget_type=\"image-box.default\">\n\t\t\t\t<div class=\"elementor-widget-container\">\n\t\t\t\t\t<div class=\"elementor-image-box-wrapper\"><figure class=\"elementor-image-box-img\"><img fetchpriority=\"high\" decoding=\"async\" width=\"640\" height=\"427\" src=\"https:\/\/www.pavloviclegal.com\/wp-content\/uploads\/2022\/03\/business-law-768x512.jpg\" class=\"attachment-medium_large size-medium_large wp-image-218\" alt=\"business-law\" srcset=\"https:\/\/www.pavloviclegal.com\/wp-content\/uploads\/2022\/03\/business-law-768x512.jpg 768w, https:\/\/www.pavloviclegal.com\/wp-content\/uploads\/2022\/03\/business-law-300x200.jpg 300w, https:\/\/www.pavloviclegal.com\/wp-content\/uploads\/2022\/03\/business-law-1024x683.jpg 1024w, https:\/\/www.pavloviclegal.com\/wp-content\/uploads\/2022\/03\/business-law-1536x1024.jpg 1536w, https:\/\/www.pavloviclegal.com\/wp-content\/uploads\/2022\/03\/business-law.jpg 1920w\" sizes=\"(max-width: 640px) 100vw, 640px\" \/><\/figure><div class=\"elementor-image-box-content\"><h3 class=\"elementor-image-box-title\">Commercial Law<\/h3><p class=\"elementor-image-box-description\"><p>Our law office provides comprehensive legal assistance to legal entities.<\/p>\n<p>In this regard, we offer legal services for the establishment of companies, e.g. preparation of the founding act and other documents, hence registration before the Business Registers Agency (BRA), as well as later legal services of drafting dokuments and status changes before the BRA.<\/p>\n<p>Also, we provide legal assistance in drafting commercial contracts, employment agreements, and internal acts related to labor law regulations, and other documents aimed at protecting the rights of employers and employees.<\/p>\n<p>Finally, we offer legal representation for legal entities before courts and other state authorities, particularly before the Tax Administration (including tax-related business advisory services and representation before the Tax Administration)<\/p><\/p><\/div><\/div>\t\t\t\t<\/div>\n\t\t\t\t<\/div>\n\t\t\t\t<div class=\"elementor-element elementor-element-0ef522f elementor-position-right elementor-vertical-align-middle img-style-2 elementor-invisible elementor-widget elementor-widget-image-box\" data-id=\"0ef522f\" data-element_type=\"widget\" data-settings=\"{&quot;_animation&quot;:&quot;fadeInRight&quot;}\" data-widget_type=\"image-box.default\">\n\t\t\t\t<div class=\"elementor-widget-container\">\n\t\t\t\t\t<div class=\"elementor-image-box-wrapper\"><figure class=\"elementor-image-box-img\"><img decoding=\"async\" width=\"640\" height=\"427\" src=\"https:\/\/www.pavloviclegal.com\/wp-content\/uploads\/2025\/03\/Intellectual-property-768x512.jpg\" class=\"attachment-medium_large size-medium_large wp-image-460\" alt=\"\" srcset=\"https:\/\/www.pavloviclegal.com\/wp-content\/uploads\/2025\/03\/Intellectual-property-768x512.jpg 768w, https:\/\/www.pavloviclegal.com\/wp-content\/uploads\/2025\/03\/Intellectual-property-300x200.jpg 300w, https:\/\/www.pavloviclegal.com\/wp-content\/uploads\/2025\/03\/Intellectual-property-1024x682.jpg 1024w, https:\/\/www.pavloviclegal.com\/wp-content\/uploads\/2025\/03\/Intellectual-property-1536x1024.jpg 1536w, https:\/\/www.pavloviclegal.com\/wp-content\/uploads\/2025\/03\/Intellectual-property.jpg 2000w\" sizes=\"(max-width: 640px) 100vw, 640px\" \/><\/figure><div class=\"elementor-image-box-content\"><h3 class=\"elementor-image-box-title\">Intellectual property<\/h3><p class=\"elementor-image-box-description\"><p>Our law office provides legal services in regards to protection of intellectual property rights. In that sense, we provide legal services of representation of legal entities before competent authorities and courts, during the process of registration of trademarks, patents, and industrial designs.<\/p>\n<p>In addition, we offer legal assistance in drafting copyright agreements, transferring intellectual property rights, and providing protection in cases of intellectual property rights infringement.<\/p><\/p><\/div><\/div>\t\t\t\t<\/div>\n\t\t\t\t<\/div>\n\t\t\t\t<div class=\"elementor-element elementor-element-c145e23 elementor-position-left elementor-vertical-align-middle img-style-2 elementor-invisible elementor-widget elementor-widget-image-box\" data-id=\"c145e23\" data-element_type=\"widget\" data-settings=\"{&quot;_animation&quot;:&quot;fadeInLeft&quot;}\" data-widget_type=\"image-box.default\">\n\t\t\t\t<div class=\"elementor-widget-container\">\n\t\t\t\t\t<div class=\"elementor-image-box-wrapper\"><figure class=\"elementor-image-box-img\"><img decoding=\"async\" width=\"640\" height=\"427\" src=\"https:\/\/www.pavloviclegal.com\/wp-content\/uploads\/2025\/03\/Compliance-768x512.jpg\" class=\"attachment-medium_large size-medium_large wp-image-467\" alt=\"\" srcset=\"https:\/\/www.pavloviclegal.com\/wp-content\/uploads\/2025\/03\/Compliance-768x512.jpg 768w, https:\/\/www.pavloviclegal.com\/wp-content\/uploads\/2025\/03\/Compliance-300x200.jpg 300w, https:\/\/www.pavloviclegal.com\/wp-content\/uploads\/2025\/03\/Compliance-1024x682.jpg 1024w, https:\/\/www.pavloviclegal.com\/wp-content\/uploads\/2025\/03\/Compliance-1536x1024.jpg 1536w, https:\/\/www.pavloviclegal.com\/wp-content\/uploads\/2025\/03\/Compliance.jpg 2000w\" sizes=\"(max-width: 640px) 100vw, 640px\" \/><\/figure><div class=\"elementor-image-box-content\"><h3 class=\"elementor-image-box-title\">Compliance<\/h3><p class=\"elementor-image-box-description\"><p>Our law office provides legal services regarding regulatory and business compliance for legal entities with applicable legal regulations.<\/p> \n<p>We also assist clients in aligning with GDPR and adapting to changes in data protection laws.<\/p><\/p><\/div><\/div>\t\t\t\t<\/div>\n\t\t\t\t<\/div>\n\t\t\t\t<div class=\"elementor-element elementor-element-f9cbfc1 elementor-position-right elementor-vertical-align-middle img-style-2 elementor-invisible elementor-widget elementor-widget-image-box\" data-id=\"f9cbfc1\" data-element_type=\"widget\" data-settings=\"{&quot;_animation&quot;:&quot;fadeInLeft&quot;,&quot;_animation_delay&quot;:200}\" data-widget_type=\"image-box.default\">\n\t\t\t\t<div class=\"elementor-widget-container\">\n\t\t\t\t\t<div class=\"elementor-image-box-wrapper\"><figure class=\"elementor-image-box-img\"><img loading=\"lazy\" decoding=\"async\" width=\"640\" height=\"427\" src=\"https:\/\/www.pavloviclegal.com\/wp-content\/uploads\/2022\/03\/work_law-768x512.jpg\" class=\"attachment-medium_large size-medium_large wp-image-231\" alt=\"\" srcset=\"https:\/\/www.pavloviclegal.com\/wp-content\/uploads\/2022\/03\/work_law-768x512.jpg 768w, https:\/\/www.pavloviclegal.com\/wp-content\/uploads\/2022\/03\/work_law-300x200.jpg 300w, https:\/\/www.pavloviclegal.com\/wp-content\/uploads\/2022\/03\/work_law-1024x683.jpg 1024w, https:\/\/www.pavloviclegal.com\/wp-content\/uploads\/2022\/03\/work_law-1536x1024.jpg 1536w, https:\/\/www.pavloviclegal.com\/wp-content\/uploads\/2022\/03\/work_law.jpg 1920w\" sizes=\"(max-width: 640px) 100vw, 640px\" \/><\/figure><div class=\"elementor-image-box-content\"><h3 class=\"elementor-image-box-title\">Labor law<\/h3><p class=\"elementor-image-box-description\"><p>Our law office provides legal services to the employees in protection of their labor rights. Hence, we provide legal services of representation of employees before court, in cases of unlawful contract termination and in cases of unpaid salaries.<\/p>\n<p>Moreover, we provide legal services to the employers in representation before courts in regards to labor law cases, and we provide legal services of drafting legal employment contracts and compliance of necessary labor law acts.<\/p><\/p><\/div><\/div>\t\t\t\t<\/div>\n\t\t\t\t<\/div>\n\t\t\t\t<div class=\"elementor-element elementor-element-b8ee406 elementor-position-left elementor-vertical-align-middle img-style-2 elementor-invisible elementor-widget elementor-widget-image-box\" data-id=\"b8ee406\" data-element_type=\"widget\" data-settings=\"{&quot;_animation&quot;:&quot;fadeInRight&quot;,&quot;_animation_delay&quot;:400}\" data-widget_type=\"image-box.default\">\n\t\t\t\t<div class=\"elementor-widget-container\">\n\t\t\t\t\t<div class=\"elementor-image-box-wrapper\"><figure class=\"elementor-image-box-img\"><img loading=\"lazy\" decoding=\"async\" width=\"2000\" height=\"1335\" src=\"https:\/\/www.pavloviclegal.com\/wp-content\/uploads\/2025\/03\/Enforcement-procedure.jpg\" class=\"attachment-full size-full wp-image-471\" alt=\"\" srcset=\"https:\/\/www.pavloviclegal.com\/wp-content\/uploads\/2025\/03\/Enforcement-procedure.jpg 2000w, https:\/\/www.pavloviclegal.com\/wp-content\/uploads\/2025\/03\/Enforcement-procedure-300x200.jpg 300w, https:\/\/www.pavloviclegal.com\/wp-content\/uploads\/2025\/03\/Enforcement-procedure-1024x684.jpg 1024w, https:\/\/www.pavloviclegal.com\/wp-content\/uploads\/2025\/03\/Enforcement-procedure-768x513.jpg 768w, https:\/\/www.pavloviclegal.com\/wp-content\/uploads\/2025\/03\/Enforcement-procedure-1536x1025.jpg 1536w\" sizes=\"(max-width: 2000px) 100vw, 2000px\" \/><\/figure><div class=\"elementor-image-box-content\"><h3 class=\"elementor-image-box-title\">Enforcement procedure<\/h3><p class=\"elementor-image-box-description\"><p>Our law office provides legal services to the creditors in collations of their monetary claims toward debtors, in enforcement procedures with cooperation with states public enforcers.<\/p> \n<p>In that sense, we are submitting proposal for enforcement before court and afterwards represent clients before states public enforcers.<\/p><\/p><\/div><\/div>\t\t\t\t<\/div>\n\t\t\t\t<\/div>\n\t\t\t\t<div class=\"elementor-element elementor-element-2e2cc66 elementor-position-right elementor-vertical-align-middle img-style-2 elementor-invisible elementor-widget elementor-widget-image-box\" data-id=\"2e2cc66\" data-element_type=\"widget\" data-settings=\"{&quot;_animation&quot;:&quot;fadeInLeft&quot;,&quot;_animation_delay&quot;:200}\" data-widget_type=\"image-box.default\">\n\t\t\t\t<div class=\"elementor-widget-container\">\n\t\t\t\t\t<div class=\"elementor-image-box-wrapper\"><figure class=\"elementor-image-box-img\"><img loading=\"lazy\" decoding=\"async\" width=\"640\" height=\"427\" src=\"https:\/\/www.pavloviclegal.com\/wp-content\/uploads\/2022\/03\/nepokretnosti-768x512.jpg\" class=\"attachment-medium_large size-medium_large wp-image-252\" alt=\"\" srcset=\"https:\/\/www.pavloviclegal.com\/wp-content\/uploads\/2022\/03\/nepokretnosti-768x512.jpg 768w, https:\/\/www.pavloviclegal.com\/wp-content\/uploads\/2022\/03\/nepokretnosti-300x200.jpg 300w, https:\/\/www.pavloviclegal.com\/wp-content\/uploads\/2022\/03\/nepokretnosti-1024x683.jpg 1024w, https:\/\/www.pavloviclegal.com\/wp-content\/uploads\/2022\/03\/nepokretnosti-1536x1024.jpg 1536w, https:\/\/www.pavloviclegal.com\/wp-content\/uploads\/2022\/03\/nepokretnosti.jpg 1920w\" sizes=\"(max-width: 640px) 100vw, 640px\" \/><\/figure><div class=\"elementor-image-box-content\"><h3 class=\"elementor-image-box-title\">Contracts and Real estate<\/h3><p class=\"elementor-image-box-description\"><p>Our law office provides legal services of drafting legal contracts, especially real estate\u2019s purchase contracts, gift of real estate\u2019s agreement and life care contract.<\/p>\n<p>Moreover, we provide legal services in representation of parties before Republic Geodetic Authority \u2013 competent real estate cadaster<\/p><\/p><\/div><\/div>\t\t\t\t<\/div>\n\t\t\t\t<\/div>\n\t\t\t\t<div class=\"elementor-element elementor-element-276c0eb elementor-position-left elementor-vertical-align-middle img-style-2 elementor-invisible elementor-widget elementor-widget-image-box\" data-id=\"276c0eb\" data-element_type=\"widget\" data-settings=\"{&quot;_animation&quot;:&quot;fadeInRight&quot;,&quot;_animation_delay&quot;:400}\" data-widget_type=\"image-box.default\">\n\t\t\t\t<div class=\"elementor-widget-container\">\n\t\t\t\t\t<div class=\"elementor-image-box-wrapper\"><figure class=\"elementor-image-box-img\"><img loading=\"lazy\" decoding=\"async\" width=\"2000\" height=\"1333\" src=\"https:\/\/www.pavloviclegal.com\/wp-content\/uploads\/2025\/03\/media-law.jpg\" class=\"attachment-full size-full wp-image-475\" alt=\"\" srcset=\"https:\/\/www.pavloviclegal.com\/wp-content\/uploads\/2025\/03\/media-law.jpg 2000w, https:\/\/www.pavloviclegal.com\/wp-content\/uploads\/2025\/03\/media-law-300x200.jpg 300w, https:\/\/www.pavloviclegal.com\/wp-content\/uploads\/2025\/03\/media-law-1024x682.jpg 1024w, https:\/\/www.pavloviclegal.com\/wp-content\/uploads\/2025\/03\/media-law-768x512.jpg 768w, https:\/\/www.pavloviclegal.com\/wp-content\/uploads\/2025\/03\/media-law-1536x1024.jpg 1536w\" sizes=\"(max-width: 2000px) 100vw, 2000px\" \/><\/figure><div class=\"elementor-image-box-content\"><h3 class=\"elementor-image-box-title\">Media Law<\/h3><p class=\"elementor-image-box-description\"><p>The services of our law firm include providing legal assistance to clients in the field of media law. <\/p>\n<p>. We represent clients in disputes for damages related to the publication of false information in mass media<\/p><\/p><\/div><\/div>\t\t\t\t<\/div>\n\t\t\t\t<\/div>\n\t\t\t\t<\/div>\n\t\t\t\t\t<\/div>\n\t\t<\/div>\n\t\t\t\t\t<\/div>\n\t\t<\/section>\n\t\t\t\t<\/div>","protected":false},"excerpt":{"rendered":"<p>Privredno Pravo Na\u0161a kancelarija pru\u017ea sveobuhvatnu pravnu pomo\u0107 privrednim dru\u0161tvima u vezi njihovog osnivanja, a zatim i daljeg poslovanja. U tom smislu, pru\u017eamo pravnu pomo\u0107 osnivanja privrednih dru\u0161tava, priprema osniva\u010dkog akt i drugih dokumenata, registracija pri APR-u, kao i kasnije izmene podataka i statusne promene pred APR-om. Pru\u017eamo pravnu pomo\u0107 izrade ugovora u privredni, kao [&hellip;]<\/p>","protected":false},"author":1,"featured_media":0,"parent":0,"menu_order":0,"comment_status":"closed","ping_status":"closed","template":"","meta":{"_acf_changed":false,"footnotes":""},"class_list":["post-198","page","type-page","status-publish","hentry"],"acf":[],"_links":{"self":[{"href":"https:\/\/www.pavloviclegal.com\/en\/wp-json\/wp\/v2\/pages\/198","targetHints":{"allow":["GET"]}}],"collection":[{"href":"https:\/\/www.pavloviclegal.com\/en\/wp-json\/wp\/v2\/pages"}],"about":[{"href":"https:\/\/www.pavloviclegal.com\/en\/wp-json\/wp\/v2\/types\/page"}],"author":[{"embeddable":true,"href":"https:\/\/www.pavloviclegal.com\/en\/wp-json\/wp\/v2\/users\/1"}],"replies":[{"embeddable":true,"href":"https:\/\/www.pavloviclegal.com\/en\/wp-json\/wp\/v2\/comments?post=198"}],"version-history":[{"count":130,"href":"https:\/\/www.pavloviclegal.com\/en\/wp-json\/wp\/v2\/pages\/198\/revisions"}],"predecessor-version":[{"id":517,"href":"https:\/\/www.pavloviclegal.com\/en\/wp-json\/wp\/v2\/pages\/198\/revisions\/517"}],"wp:attachment":[{"href":"https:\/\/www.pavloviclegal.com\/en\/wp-json\/wp\/v2\/media?parent=198"}],"curies":[{"name":"wp","href":"https:\/\/api.w.org\/{rel}","templated":true}]}}